{"id":305,"date":"2024-07-29T12:33:03","date_gmt":"2024-07-29T12:33:03","guid":{"rendered":"https:\/\/fortliezele.instawp.xyz\/?page_id=305"},"modified":"2026-02-24T13:54:39","modified_gmt":"2026-02-24T13:54:39","slug":"scholen","status":"publish","type":"page","link":"https:\/\/www.fortliezele.be\/de\/schulen\/","title":{"rendered":"Schulen"},"content":{"rendered":"<div data-elementor-type=\"wp-page\" data-elementor-id=\"305\" class=\"elementor elementor-305\" data-elementor-post-type=\"page\">\n\t\t\t\t<div class=\"elementor-element elementor-element-ee15cff e-flex e-con-boxed e-con e-parent\" data-id=\"ee15cff\" data-element_type=\"container\" data-e-type=\"container\" data-settings=\"{&quot;background_background&quot;:&quot;classic&quot;}\">\n\t\t\t\t\t<div class=\"e-con-inner\">\n\t\t<div class=\"elementor-element elementor-element-7dbe499 e-con-full e-flex e-con e-child\" data-id=\"7dbe499\" data-element_type=\"container\" data-e-type=\"container\">\n\t\t\t\t<div class=\"elementor-element elementor-element-7ea38dd elementor-widget__width-initial elementor-widget elementor-widget-heading\" data-id=\"7ea38dd\" data-element_type=\"widget\" data-e-type=\"widget\" data-widget_type=\"heading.default\">\n\t\t\t\t<div class=\"elementor-widget-container\">\n\t\t\t\t\t<h1 class=\"elementor-heading-title elementor-size-default\">Schulausflug nach Fort Liezele<\/h1>\t\t\t\t<\/div>\n\t\t\t\t<\/div>\n\t\t\t\t<div class=\"elementor-element elementor-element-c90e379 elementor-widget elementor-widget-text-editor\" data-id=\"c90e379\" data-element_type=\"widget\" data-e-type=\"widget\" data-widget_type=\"text-editor.default\">\n\t\t\t\t<div class=\"elementor-widget-container\">\n\t\t\t\t\t\t\t\t\t<p>Fort Liezele ist das ideale Ziel f\u00fcr eine Klassenfahrt. Das Angebot ist unbeschwert und dynamisch, mit gro\u00dfem Augenmerk auf didaktische Klarheit und einem hohen Erlebnisfaktor. Au\u00dferdem erhalten Sch\u00fcler und Betreuer einen erm\u00e4\u00dfigten Tarif. Das Museum kann bis zu 100 Sch\u00fcler gleichzeitig aufnehmen.<\/p>\t\t\t\t\t\t\t\t<\/div>\n\t\t\t\t<\/div>\n\t\t\t\t<\/div>\n\t\t<div class=\"elementor-element elementor-element-53963dc e-con-full e-flex e-con e-child\" data-id=\"53963dc\" data-element_type=\"container\" data-e-type=\"container\" data-settings=\"{&quot;background_background&quot;:&quot;classic&quot;}\">\n\t\t\t\t<\/div>\n\t\t\t\t\t<\/div>\n\t\t\t\t<\/div>\n\t\t<div class=\"elementor-element elementor-element-b6af474 e-flex e-con-boxed e-con e-parent\" data-id=\"b6af474\" data-element_type=\"container\" data-e-type=\"container\" data-settings=\"{&quot;background_background&quot;:&quot;classic&quot;}\">\n\t\t\t\t\t<div class=\"e-con-inner\">\n\t\t\t\t<div class=\"elementor-element elementor-element-ea7d3a3 elementor-widget__width-initial elementor-widget-mobile__width-inherit elementor-widget elementor-widget-heading\" data-id=\"ea7d3a3\" data-element_type=\"widget\" data-e-type=\"widget\" data-widget_type=\"heading.default\">\n\t\t\t\t<div class=\"elementor-widget-container\">\n\t\t\t\t\t<h2 class=\"elementor-heading-title elementor-size-default\">Mit oder ohne F\u00fchrung<\/h2>\t\t\t\t<\/div>\n\t\t\t\t<\/div>\n\t\t\t\t<div class=\"elementor-element elementor-element-cba2092 elementor-widget__width-initial elementor-widget-mobile__width-inherit elementor-widget elementor-widget-text-editor\" data-id=\"cba2092\" data-element_type=\"widget\" data-e-type=\"widget\" data-widget_type=\"text-editor.default\">\n\t\t\t\t<div class=\"elementor-widget-container\">\n\t\t\t\t\t\t\t\t\t<p>Schulgruppen k\u00f6nnen zwischen einem individuellen Besuch, einer eigenen F\u00fchrung oder der Nutzung unserer Kastellf\u00fchrer w\u00e4hlen.<\/p>\t\t\t\t\t\t\t\t<\/div>\n\t\t\t\t<\/div>\n\t\t\t\t<div class=\"elementor-element elementor-element-c8bda3d elementor-widget__width-initial elementor-widget-mobile__width-inherit elementor-widget elementor-widget-text-editor\" data-id=\"c8bda3d\" data-element_type=\"widget\" data-e-type=\"widget\" data-widget_type=\"text-editor.default\">\n\t\t\t\t<div class=\"elementor-widget-container\">\n\t\t\t\t\t\t\t\t\t<p>Aus praktischen Gr\u00fcnden kann ein Fremdenf\u00fchrer maximal 20 Sch\u00fcler betreuen. Das Klassenzimmer im hinteren Bereich (Kapazit\u00e4t 40 Personen) kann ge\u00f6ffnet werden. <\/p>\t\t\t\t\t\t\t\t<\/div>\n\t\t\t\t<\/div>\n\t\t\t\t<div class=\"elementor-element elementor-element-aead555 elementor-widget__width-inherit elementor-widget elementor-widget-image\" data-id=\"aead555\" data-element_type=\"widget\" data-e-type=\"widget\" data-widget_type=\"image.default\">\n\t\t\t\t<div class=\"elementor-widget-container\">\n\t\t\t\t\t\t\t\t\t\t\t\t\t\t\t<img fetchpriority=\"high\" decoding=\"async\" width=\"2000\" height=\"1333\" src=\"https:\/\/www.fortliezele.be\/wp-content\/uploads\/2026\/02\/20251024-Test-Fort-Liezele0023.jpg\" class=\"attachment-full size-full wp-image-1483\" alt=\"\" srcset=\"https:\/\/www.fortliezele.be\/wp-content\/uploads\/2026\/02\/20251024-Test-Fort-Liezele0023.jpg 2000w, https:\/\/www.fortliezele.be\/wp-content\/uploads\/2026\/02\/20251024-Test-Fort-Liezele0023-500x333.jpg 500w, https:\/\/www.fortliezele.be\/wp-content\/uploads\/2026\/02\/20251024-Test-Fort-Liezele0023-1024x682.jpg 1024w, https:\/\/www.fortliezele.be\/wp-content\/uploads\/2026\/02\/20251024-Test-Fort-Liezele0023-768x512.jpg 768w, https:\/\/www.fortliezele.be\/wp-content\/uploads\/2026\/02\/20251024-Test-Fort-Liezele0023-1536x1024.jpg 1536w, https:\/\/www.fortliezele.be\/wp-content\/uploads\/2026\/02\/20251024-Test-Fort-Liezele0023-18x12.jpg 18w\" sizes=\"(max-width: 2000px) 100vw, 2000px\" \/>\t\t\t\t\t\t\t\t\t\t\t\t\t\t\t<\/div>\n\t\t\t\t<\/div>\n\t\t\t\t\t<\/div>\n\t\t\t\t<\/div>\n\t\t<div class=\"elementor-element elementor-element-f96a83f e-flex e-con-boxed e-con e-parent\" data-id=\"f96a83f\" data-element_type=\"container\" data-e-type=\"container\" data-settings=\"{&quot;background_background&quot;:&quot;classic&quot;}\">\n\t\t\t\t\t<div class=\"e-con-inner\">\n\t\t<div class=\"elementor-element elementor-element-d459ed0 e-con-full e-flex e-con e-child\" data-id=\"d459ed0\" data-element_type=\"container\" data-e-type=\"container\" data-settings=\"{&quot;background_background&quot;:&quot;classic&quot;}\">\n\t\t\t\t<\/div>\n\t\t<div class=\"elementor-element elementor-element-2837000 e-con-full e-flex e-con e-child\" data-id=\"2837000\" data-element_type=\"container\" data-e-type=\"container\">\n\t\t\t\t<div class=\"elementor-element elementor-element-1fd939c elementor-widget elementor-widget-heading\" data-id=\"1fd939c\" data-element_type=\"widget\" data-e-type=\"widget\" data-widget_type=\"heading.default\">\n\t\t\t\t<div class=\"elementor-widget-container\">\n\t\t\t\t\t<h2 class=\"elementor-heading-title elementor-size-default\">Praktische Informationen<\/h2>\t\t\t\t<\/div>\n\t\t\t\t<\/div>\n\t\t\t\t<div class=\"elementor-element elementor-element-53ff58c elementor-widget elementor-widget-text-editor\" data-id=\"53ff58c\" data-element_type=\"widget\" data-e-type=\"widget\" data-widget_type=\"text-editor.default\">\n\t\t\t\t<div class=\"elementor-widget-container\">\n\t\t\t\t\t\t\t\t\t<p>Schulen k\u00f6nnen ihre(n) F\u00fchrer mindestens zwei Wochen im Voraus \u00fcber die Ticket-Seite buchen. F\u00fcr einen Gruppenbesuch ohne F\u00fchrer k\u00f6nnen die Eintrittskarten am Tag selbst gekauft werden, aber es wird empfohlen, im Voraus zu buchen.<\/p>\n<p>Eine F\u00fchrung dauert etwa 2 Stunden, die Dauer kann jedoch an die Erwartungen der Gruppe angepasst werden. Es ist keine besondere Kleidung oder Schuhwerk erforderlich.<\/p>\t\t\t\t\t\t\t\t<\/div>\n\t\t\t\t<\/div>\n\t\t\t\t<\/div>\n\t\t\t\t\t<\/div>\n\t\t\t\t<\/div>\n\t\t<div class=\"elementor-element elementor-element-1b67ee3 e-con-full e-flex e-con e-parent\" data-id=\"1b67ee3\" data-element_type=\"container\" data-e-type=\"container\" data-settings=\"{&quot;background_background&quot;:&quot;classic&quot;,&quot;shape_divider_top&quot;:&quot;curve&quot;}\">\n\t\t\t\t<div class=\"elementor-shape elementor-shape-top\" aria-hidden=\"true\" data-negative=\"false\">\n\t\t\t<svg xmlns=\"http:\/\/www.w3.org\/2000\/svg\" viewbox=\"0 0 1000 100\" preserveaspectratio=\"none\">\n    <path class=\"elementor-shape-fill\" d=\"M1000,4.3V0H0v4.3C0.9,23.1,126.7,99.2,500,100S1000,22.7,1000,4.3z\"\/>\n<\/svg>\t\t<\/div>\n\t\t<div class=\"elementor-element elementor-element-0483749 e-con-full e-flex e-con e-child\" data-id=\"0483749\" data-element_type=\"container\" data-e-type=\"container\">\n\t\t<div class=\"elementor-element elementor-element-4d3fa4a e-con-full e-flex e-con e-child\" data-id=\"4d3fa4a\" data-element_type=\"container\" data-e-type=\"container\">\n\t\t\t\t<div class=\"elementor-element elementor-element-fcc50d6 elementor-widget elementor-widget-heading\" data-id=\"fcc50d6\" data-element_type=\"widget\" data-e-type=\"widget\" data-widget_type=\"heading.default\">\n\t\t\t\t<div class=\"elementor-widget-container\">\n\t\t\t\t\t<h2 class=\"elementor-heading-title elementor-size-default\">Catering f\u00fcr Schulen\n<\/h2>\t\t\t\t<\/div>\n\t\t\t\t<\/div>\n\t\t\t\t<div class=\"elementor-element elementor-element-71889b8 elementor-widget elementor-widget-text-editor\" data-id=\"71889b8\" data-element_type=\"widget\" data-e-type=\"widget\" data-widget_type=\"text-editor.default\">\n\t\t\t\t<div class=\"elementor-widget-container\">\n\t\t\t\t\t\t\t\t\t<p>Schulgruppen k\u00f6nnen im Fort Caf\u00e9 De Batterie ihr eigenes Lunchpaket mitnehmen. Allerdings ist es nicht m\u00f6glich, dort auch eigene Getr\u00e4nke zu konsumieren.<\/p><p>Eine Voranmeldung ist erw\u00fcnscht und kann \u00fcber die untenstehende Schaltfl\u00e4che vorgenommen werden<\/p>\t\t\t\t\t\t\t\t<\/div>\n\t\t\t\t<\/div>\n\t\t\t\t<div class=\"elementor-element elementor-element-f58ad11 elementor-widget elementor-widget-global elementor-global-951 elementor-widget-button\" data-id=\"f58ad11\" data-element_type=\"widget\" data-e-type=\"widget\" data-widget_type=\"button.default\">\n\t\t\t\t<div class=\"elementor-widget-container\">\n\t\t\t\t\t\t\t\t\t<div class=\"elementor-button-wrapper\">\n\t\t\t\t\t<a class=\"elementor-button elementor-button-link elementor-size-sm\" href=\"https:\/\/fortcafe-debatterie.be\/contaxt\" target=\"_blank\">\n\t\t\t\t\t\t<span class=\"elementor-button-content-wrapper\">\n\t\t\t\t\t\t\t\t\t<span class=\"elementor-button-text\">Kontakt Fort Caf\u00e9<\/span>\n\t\t\t\t\t<\/span>\n\t\t\t\t\t<\/a>\n\t\t\t\t<\/div>\n\t\t\t\t\t\t\t\t<\/div>\n\t\t\t\t<\/div>\n\t\t\t\t<\/div>\n\t\t\t\t<\/div>\n\t\t<div class=\"elementor-element elementor-element-7c07051 e-con-full e-flex e-con e-child\" data-id=\"7c07051\" data-element_type=\"container\" data-e-type=\"container\" data-settings=\"{&quot;background_background&quot;:&quot;classic&quot;}\">\n\t\t\t\t<\/div>\n\t\t\t\t<\/div>\n\t\t<div class=\"elementor-element elementor-element-24d8ca6 e-con-full e-flex e-con e-parent\" data-id=\"24d8ca6\" data-element_type=\"container\" data-e-type=\"container\">\n\t\t\t\t<div class=\"elementor-element elementor-element-4851e00 elementor-widget elementor-widget-template\" data-id=\"4851e00\" data-element_type=\"widget\" data-e-type=\"widget\" data-widget_type=\"template.default\">\n\t\t\t\t<div class=\"elementor-widget-container\">\n\t\t\t\t\t\t\t<div class=\"elementor-template\">\n\t\t\t\t\t<div data-elementor-type=\"container\" data-elementor-id=\"438\" class=\"elementor elementor-438\" data-elementor-post-type=\"elementor_library\">\n\t\t\t\t<div class=\"elementor-element elementor-element-6758fb5 e-flex e-con-boxed e-con e-parent\" data-id=\"6758fb5\" data-element_type=\"container\" data-e-type=\"container\">\n\t\t\t\t\t<div class=\"e-con-inner\">\n\t\t\t\t<div class=\"elementor-element elementor-element-63d579e elementor-widget elementor-widget-menu-anchor\" data-id=\"63d579e\" data-element_type=\"widget\" data-e-type=\"widget\" data-widget_type=\"menu-anchor.default\">\n\t\t\t\t<div class=\"elementor-widget-container\">\n\t\t\t\t\t\t\t<div class=\"elementor-menu-anchor\" id=\"uren\"><\/div>\n\t\t\t\t\t\t<\/div>\n\t\t\t\t<\/div>\n\t\t\t\t<div class=\"elementor-element elementor-element-43ccf8d3 elementor-widget elementor-widget-heading\" data-id=\"43ccf8d3\" data-element_type=\"widget\" data-e-type=\"widget\" data-widget_type=\"heading.default\">\n\t\t\t\t<div class=\"elementor-widget-container\">\n\t\t\t\t\t<h2 class=\"elementor-heading-title elementor-size-default\">Planen Sie Ihren Besuch<\/h2>\t\t\t\t<\/div>\n\t\t\t\t<\/div>\n\t\t\t\t<div class=\"elementor-element elementor-element-e1a671e elementor-widget elementor-widget-text-editor\" data-id=\"e1a671e\" data-element_type=\"widget\" data-e-type=\"widget\" data-widget_type=\"text-editor.default\">\n\t\t\t\t<div class=\"elementor-widget-container\">\n\t\t\t\t\t\t\t\t\t<p>Eine Besichtigung dauert etwa zwei Stunden, und ein viersprachiger Audioguide ist inbegriffen.<br \/>F\u00fcr ein individuelles Erlebnis buchen Sie einen F\u00fchrer. <br \/>Bestellen Sie Ihre Tickets online und planen Sie Ihren Besuch!<\/p>\t\t\t\t\t\t\t\t<\/div>\n\t\t\t\t<\/div>\n\t\t\t\t<div class=\"elementor-element elementor-element-71e4c18 elementor-widget elementor-widget-heading\" data-id=\"71e4c18\" data-element_type=\"widget\" data-e-type=\"widget\" data-widget_type=\"heading.default\">\n\t\t\t\t<div class=\"elementor-widget-container\">\n\t\t\t\t\t<h3 class=\"elementor-heading-title elementor-size-default\">Die \u00d6ffnungszeiten<\/h3>\t\t\t\t<\/div>\n\t\t\t\t<\/div>\n\t\t\t\t<div class=\"elementor-element elementor-element-3693f3d2 elementor-widget elementor-widget-text-editor\" data-id=\"3693f3d2\" data-element_type=\"widget\" data-e-type=\"widget\" data-widget_type=\"text-editor.default\">\n\t\t\t\t<div class=\"elementor-widget-container\">\n\t\t\t\t\t\t\t\t\t<p>Das Fort ist t\u00e4glich von 10 bis 17 Uhr ge\u00f6ffnet, au\u00dfer dienstags und am 25. Dezember und 1. Januar.<\/p>\t\t\t\t\t\t\t\t<\/div>\n\t\t\t\t<\/div>\n\t\t\t\t<div class=\"elementor-element elementor-element-55a589f elementor-widget elementor-widget-button\" data-id=\"55a589f\" data-element_type=\"widget\" data-e-type=\"widget\" data-widget_type=\"button.default\">\n\t\t\t\t<div class=\"elementor-widget-container\">\n\t\t\t\t\t\t\t\t\t<div class=\"elementor-button-wrapper\">\n\t\t\t\t\t<a class=\"elementor-button elementor-button-link elementor-size-sm\" href=\"https:\/\/www.fortliezele.be\/de\/eintrittskarten\/\">\n\t\t\t\t\t\t<span class=\"elementor-button-content-wrapper\">\n\t\t\t\t\t\t\t\t\t<span class=\"elementor-button-text\">Tickets bestellen<\/span>\n\t\t\t\t\t<\/span>\n\t\t\t\t\t<\/a>\n\t\t\t\t<\/div>\n\t\t\t\t\t\t\t\t<\/div>\n\t\t\t\t<\/div>\n\t\t\t\t\t<\/div>\n\t\t\t\t<\/div>\n\t\t\t\t<\/div>\n\t\t\t\t<\/div>\n\t\t\t\t\t\t<\/div>\n\t\t\t\t<\/div>\n\t\t\t\t<\/div>\n\t\t\t\t<\/div>","protected":false},"excerpt":{"rendered":"<p>Schooluitstap naar Fort Liezele Fort Liezele vormt de ideale bestemming voor een klasuitstap. Het aanbod is luchtig en dynamisch, met veel aandacht voor didactische overzichtelijkheid en een hoge belevingsfactor. Bovendien genieten leerlingen en begeleiders van een kortingstarief. Het museum kan tot 100 leerlingen tegelijk ontvangen. Met of zonder gids Schoolgroepen kunnen zowel kiezen voor een [&hellip;]<\/p>\n","protected":false},"author":1,"featured_media":0,"parent":0,"menu_order":0,"comment_status":"closed","ping_status":"closed","template":"","meta":{"_seopress_robots_primary_cat":"","_seopress_titles_title":"","_seopress_titles_desc":"","_seopress_robots_index":"","iawp_total_views":4539,"footnotes":""},"class_list":["post-305","page","type-page","status-publish","hentry"],"publishpress_future_action":{"enabled":false,"date":"2026-05-14 10:28:23","action":"change-status","newStatus":"draft","terms":[],"taxonomy":"","extraData":[]},"publishpress_future_workflow_manual_trigger":{"enabledWorkflows":[]},"_links":{"self":[{"href":"https:\/\/www.fortliezele.be\/de\/wp-json\/wp\/v2\/pages\/305","targetHints":{"allow":["GET"]}}],"collection":[{"href":"https:\/\/www.fortliezele.be\/de\/wp-json\/wp\/v2\/pages"}],"about":[{"href":"https:\/\/www.fortliezele.be\/de\/wp-json\/wp\/v2\/types\/page"}],"author":[{"embeddable":true,"href":"https:\/\/www.fortliezele.be\/de\/wp-json\/wp\/v2\/users\/1"}],"replies":[{"embeddable":true,"href":"https:\/\/www.fortliezele.be\/de\/wp-json\/wp\/v2\/comments?post=305"}],"version-history":[{"count":3,"href":"https:\/\/www.fortliezele.be\/de\/wp-json\/wp\/v2\/pages\/305\/revisions"}],"predecessor-version":[{"id":1487,"href":"https:\/\/www.fortliezele.be\/de\/wp-json\/wp\/v2\/pages\/305\/revisions\/1487"}],"wp:attachment":[{"href":"https:\/\/www.fortliezele.be\/de\/wp-json\/wp\/v2\/media?parent=305"}],"curies":[{"name":"wp","href":"https:\/\/api.w.org\/{rel}","templated":true}]}}