{"id":301,"date":"2024-07-29T12:32:45","date_gmt":"2024-07-29T12:32:45","guid":{"rendered":"https:\/\/fortliezele.instawp.xyz\/?page_id=301"},"modified":"2024-08-06T10:40:48","modified_gmt":"2024-08-06T10:40:48","slug":"kenniscentrum","status":"publish","type":"page","link":"https:\/\/www.fortliezele.be\/fr\/centre-de-connaissances\/","title":{"rendered":"Centre de connaissances"},"content":{"rendered":"<div data-elementor-type=\"wp-page\" data-elementor-id=\"301\" class=\"elementor elementor-301\" data-elementor-post-type=\"page\">\n\t\t\t\t<div class=\"elementor-element elementor-element-55ee313 e-flex e-con-boxed e-con e-parent\" data-id=\"55ee313\" data-element_type=\"container\" data-e-type=\"container\" data-settings=\"{&quot;background_background&quot;:&quot;classic&quot;}\">\n\t\t\t\t\t<div class=\"e-con-inner\">\n\t\t<div class=\"elementor-element elementor-element-5db63b0 e-con-full e-flex e-con e-child\" data-id=\"5db63b0\" data-element_type=\"container\" data-e-type=\"container\">\n\t\t\t\t<div class=\"elementor-element elementor-element-75ff1fa elementor-widget elementor-widget-heading\" data-id=\"75ff1fa\" data-element_type=\"widget\" data-e-type=\"widget\" data-widget_type=\"heading.default\">\n\t\t\t\t<div class=\"elementor-widget-container\">\n\t\t\t\t\t<h1 class=\"elementor-heading-title elementor-size-default\">Centre de connaissances<\/h1>\t\t\t\t<\/div>\n\t\t\t\t<\/div>\n\t\t\t\t<div class=\"elementor-element elementor-element-2f21bc1 elementor-widget elementor-widget-text-editor\" data-id=\"2f21bc1\" data-element_type=\"widget\" data-e-type=\"widget\" data-widget_type=\"text-editor.default\">\n\t\t\t\t<div class=\"elementor-widget-container\">\n\t\t\t\t\t\t\t\t\t<p>Depuis des d\u00e9cennies, les b\u00e9n\u00e9voles du Mus\u00e9e du Fort de Liezele se passionnent pour l'histoire de la forteresse d'Anvers et des ceintures de la forteresse en particulier. Au fil des ans, cette passion a permis d'accumuler une grande quantit\u00e9 de connaissances et d'expertise.<\/p><p>Le mus\u00e9e dispose d'une biblioth\u00e8que, d'une m\u00e9diath\u00e8que et d'une base de donn\u00e9es contenant de nombreux documents, provenant de diverses archives et de ses propres recherches.<\/p>\t\t\t\t\t\t\t\t<\/div>\n\t\t\t\t<\/div>\n\t\t\t\t<\/div>\n\t\t<div class=\"elementor-element elementor-element-964cfb3 e-con-full e-flex e-con e-child\" data-id=\"964cfb3\" data-element_type=\"container\" data-e-type=\"container\">\n\t\t<div class=\"elementor-element elementor-element-12de7ce e-con-full e-flex e-con e-child\" data-id=\"12de7ce\" data-element_type=\"container\" data-e-type=\"container\">\n\t\t\t\t<div class=\"elementor-element elementor-element-ba9359a elementor-widget__width-initial elementor-widget-mobile__width-inherit elementor-widget elementor-widget-image\" data-id=\"ba9359a\" data-element_type=\"widget\" data-e-type=\"widget\" data-widget_type=\"image.default\">\n\t\t\t\t<div class=\"elementor-widget-container\">\n\t\t\t\t\t\t\t\t\t\t\t\t\t\t\t<img fetchpriority=\"high\" decoding=\"async\" width=\"800\" height=\"655\" src=\"https:\/\/www.fortliezele.be\/wp-content\/uploads\/2024\/07\/Brialmontvesting-8-1863-1024x839.jpg\" class=\"attachment-large size-large wp-image-462\" alt=\"\" srcset=\"https:\/\/www.fortliezele.be\/wp-content\/uploads\/2024\/07\/Brialmontvesting-8-1863-1024x839.jpg 1024w, https:\/\/www.fortliezele.be\/wp-content\/uploads\/2024\/07\/Brialmontvesting-8-1863-500x410.jpg 500w, https:\/\/www.fortliezele.be\/wp-content\/uploads\/2024\/07\/Brialmontvesting-8-1863-768x629.jpg 768w, https:\/\/www.fortliezele.be\/wp-content\/uploads\/2024\/07\/Brialmontvesting-8-1863.jpg 1318w\" sizes=\"(max-width: 800px) 100vw, 800px\" \/>\t\t\t\t\t\t\t\t\t\t\t\t\t\t\t<\/div>\n\t\t\t\t<\/div>\n\t\t\t\t<div class=\"elementor-element elementor-element-ac8ee8d elementor-widget__width-initial elementor-widget elementor-widget-image\" data-id=\"ac8ee8d\" data-element_type=\"widget\" data-e-type=\"widget\" data-widget_type=\"image.default\">\n\t\t\t\t<div class=\"elementor-widget-container\">\n\t\t\t\t\t\t\t\t\t\t\t\t\t\t\t<img decoding=\"async\" width=\"800\" height=\"506\" src=\"https:\/\/www.fortliezele.be\/wp-content\/uploads\/2024\/07\/grote-omwalling-1024x648.jpg\" class=\"attachment-large size-large wp-image-476\" alt=\"\" srcset=\"https:\/\/www.fortliezele.be\/wp-content\/uploads\/2024\/07\/grote-omwalling-1024x648.jpg 1024w, https:\/\/www.fortliezele.be\/wp-content\/uploads\/2024\/07\/grote-omwalling-500x317.jpg 500w, https:\/\/www.fortliezele.be\/wp-content\/uploads\/2024\/07\/grote-omwalling-768x486.jpg 768w, https:\/\/www.fortliezele.be\/wp-content\/uploads\/2024\/07\/grote-omwalling.jpg 1213w\" sizes=\"(max-width: 800px) 100vw, 800px\" \/>\t\t\t\t\t\t\t\t\t\t\t\t\t\t\t<\/div>\n\t\t\t\t<\/div>\n\t\t\t\t<\/div>\n\t\t\t\t<div class=\"elementor-element elementor-element-7cc240a elementor-widget__width-initial elementor-widget elementor-widget-image\" data-id=\"7cc240a\" data-element_type=\"widget\" data-e-type=\"widget\" data-widget_type=\"image.default\">\n\t\t\t\t<div class=\"elementor-widget-container\">\n\t\t\t\t\t\t\t\t\t\t\t\t\t\t\t<img decoding=\"async\" width=\"768\" height=\"1017\" src=\"https:\/\/www.fortliezele.be\/wp-content\/uploads\/2024\/07\/FL02_A-01-arbeiders.jpg\" class=\"attachment-large size-large wp-image-466\" alt=\"\" srcset=\"https:\/\/www.fortliezele.be\/wp-content\/uploads\/2024\/07\/FL02_A-01-arbeiders.jpg 768w, https:\/\/www.fortliezele.be\/wp-content\/uploads\/2024\/07\/FL02_A-01-arbeiders-378x500.jpg 378w\" sizes=\"(max-width: 768px) 100vw, 768px\" \/>\t\t\t\t\t\t\t\t\t\t\t\t\t\t\t<\/div>\n\t\t\t\t<\/div>\n\t\t\t\t<\/div>\n\t\t\t\t\t<\/div>\n\t\t\t\t<\/div>\n\t\t<div class=\"elementor-element elementor-element-62d02dc e-flex e-con-boxed e-con e-parent\" data-id=\"62d02dc\" data-element_type=\"container\" data-e-type=\"container\">\n\t\t\t\t\t<div class=\"e-con-inner\">\n\t\t<div class=\"elementor-element elementor-element-529af4d e-con-full e-flex e-con e-child\" data-id=\"529af4d\" data-element_type=\"container\" data-e-type=\"container\" data-settings=\"{&quot;background_background&quot;:&quot;classic&quot;}\">\n\t\t\t\t<\/div>\n\t\t<div class=\"elementor-element elementor-element-593d86c e-con-full e-flex e-con e-child\" data-id=\"593d86c\" data-element_type=\"container\" data-e-type=\"container\">\n\t\t\t\t<div class=\"elementor-element elementor-element-3cf59d7 elementor-widget elementor-widget-heading\" data-id=\"3cf59d7\" data-element_type=\"widget\" data-e-type=\"widget\" data-widget_type=\"heading.default\">\n\t\t\t\t<div class=\"elementor-widget-container\">\n\t\t\t\t\t<h2 class=\"elementor-heading-title elementor-size-default\">Consulter nos archives ? Posez votre question ici !<\/h2>\t\t\t\t<\/div>\n\t\t\t\t<\/div>\n\t\t\t\t<div class=\"elementor-element elementor-element-65d42cf elementor-widget elementor-widget-text-editor\" data-id=\"65d42cf\" data-element_type=\"widget\" data-e-type=\"widget\" data-widget_type=\"text-editor.default\">\n\t\t\t\t<div class=\"elementor-widget-container\">\n\t\t\t\t\t\t\t\t\t<p>Toute personne ayant des questions sp\u00e9cifiques sur les ceintures de forts en g\u00e9n\u00e9ral, ou sur les \u00e9v\u00e9nements sp\u00e9cifiques \u00e0 Liezele en particulier, peut faire appel au centre de connaissances. Posez votre question en cliquant sur le bouton ci-dessous et nous la soumettrons \u00e0 nos experts.<\/p>\t\t\t\t\t\t\t\t<\/div>\n\t\t\t\t<\/div>\n\t\t\t\t<div class=\"elementor-element elementor-element-1a5fd28 elementor-widget elementor-widget-button\" data-id=\"1a5fd28\" data-element_type=\"widget\" data-e-type=\"widget\" data-widget_type=\"button.default\">\n\t\t\t\t<div class=\"elementor-widget-container\">\n\t\t\t\t\t\t\t\t\t<div class=\"elementor-button-wrapper\">\n\t\t\t\t\t<a class=\"elementor-button elementor-button-link elementor-size-sm\" href=\"https:\/\/www.fortliezele.be\/fr\/contact\/\">\n\t\t\t\t\t\t<span class=\"elementor-button-content-wrapper\">\n\t\t\t\t\t\t\t\t\t<span class=\"elementor-button-text\">Contacter le centre de connaissances<\/span>\n\t\t\t\t\t<\/span>\n\t\t\t\t\t<\/a>\n\t\t\t\t<\/div>\n\t\t\t\t\t\t\t\t<\/div>\n\t\t\t\t<\/div>\n\t\t\t\t<\/div>\n\t\t\t\t\t<\/div>\n\t\t\t\t<\/div>\n\t\t\t\t<\/div>","protected":false},"excerpt":{"rendered":"<p>Kenniscentrum De vrijwilligers van het Museum Fort Liezele zijn reeds decennialang begeesterd door de geschiedenis van Vesting Antwerpen en van de fortengordels in het bijzonder. In de loop der jaren heeft dat een schat aan kennis en expertise opgeleverd. Het museum beschikt over een bibliotheek, een mediatheek en een databank met tal van documenten, zowel [&hellip;]<\/p>\n","protected":false},"author":1,"featured_media":0,"parent":0,"menu_order":0,"comment_status":"closed","ping_status":"closed","template":"","meta":{"_seopress_robots_primary_cat":"","_seopress_titles_title":"","_seopress_titles_desc":"","_seopress_robots_index":"","iawp_total_views":2871,"footnotes":""},"class_list":["post-301","page","type-page","status-publish","hentry"],"publishpress_future_action":{"enabled":false,"date":"2026-05-11 12:28:12","action":"change-status","newStatus":"draft","terms":[],"taxonomy":"","extraData":[]},"publishpress_future_workflow_manual_trigger":{"enabledWorkflows":[]},"_links":{"self":[{"href":"https:\/\/www.fortliezele.be\/fr\/wp-json\/wp\/v2\/pages\/301","targetHints":{"allow":["GET"]}}],"collection":[{"href":"https:\/\/www.fortliezele.be\/fr\/wp-json\/wp\/v2\/pages"}],"about":[{"href":"https:\/\/www.fortliezele.be\/fr\/wp-json\/wp\/v2\/types\/page"}],"author":[{"embeddable":true,"href":"https:\/\/www.fortliezele.be\/fr\/wp-json\/wp\/v2\/users\/1"}],"replies":[{"embeddable":true,"href":"https:\/\/www.fortliezele.be\/fr\/wp-json\/wp\/v2\/comments?post=301"}],"version-history":[{"count":0,"href":"https:\/\/www.fortliezele.be\/fr\/wp-json\/wp\/v2\/pages\/301\/revisions"}],"wp:attachment":[{"href":"https:\/\/www.fortliezele.be\/fr\/wp-json\/wp\/v2\/media?parent=301"}],"curies":[{"name":"wp","href":"https:\/\/api.w.org\/{rel}","templated":true}]}}